{"id":5752,"date":"2024-06-19T19:34:47","date_gmt":"2024-06-19T17:34:47","guid":{"rendered":"https:\/\/eco.likenessweb.pl\/product\/eu-sort-jesien-zima-damska-meska-nastolatek-pakiet-25kg\/"},"modified":"2026-01-08T07:32:57","modified_gmt":"2026-01-08T06:32:57","slug":"eu-sort-jesien-zima-damska-meska-nastolatek-pakiet-25kg","status":"publish","type":"product","link":"https:\/\/eco.likenessweb.pl\/de\/product\/eu-sort-jesien-zima-damska-meska-nastolatek-pakiet-25kg\/","title":{"rendered":"Sort &#8211; 25kg"},"content":{"rendered":"<p>Sk\u0142ad Sortu zosta\u0142 opracowany z my\u015bl\u0105 o w\u0142a\u015bcicielach sklep\u00f3w second-hand, kt\u00f3rzy poszukuj\u0105 zr\u00f3\u017cnicowanej odzie\u017cy na sezon jesienno-zimowy, dedykowanej zar\u00f3wno dla kobiet, m\u0119\u017cczyzn, jak i nastolatk\u00f3w. Pakiety zapewniaj\u0105 szeroki wyb\u00f3r ubra\u0144, umo\u017cliwiaj\u0105c sklepom oferowanie klientom r\u00f3\u017cnorodnych produkt\u00f3w na ka\u017cd\u0105 okazj\u0119. Dodatkowym atutem jest atrakcyjna cena, kt\u00f3ra pozwala sklepom na korzystn\u0105 mar\u017c\u0119 przy dalszej odsprzeda\u017cy. Odzie\u017c starannie sklasyfikowana przez nasz personel sortuj\u0105cy w polskiej firmie Ecotex Poland sp. z o.o..<\/p>\n<p>&nbsp;<\/p>\n","protected":false},"excerpt":{"rendered":"<ul>\n<li>atrakcyjny r\u00f3\u017cnorodny asortyment dla biznesu second hand<\/li>\n<li>w pakiecie znajduje si\u0119 odzie\u017c damska, m\u0119ska i dla nastolatk\u00f3w<\/li>\n<li>zestaw wyselekcjonowany ze zbi\u00f3rek przeprowadzonych na terenie EU<\/li>\n<li>odzie\u017c w 1 gatunku + gatunku cream, w pakiecie nie znajdziesz rzeczy zniszczonych nie nadaj\u0105cych si\u0119 do dalszego noszenia<\/li>\n<\/ul>\n<p>Je\u015bli interesuj\u0119 Ci\u0119 r\u00f3\u017cnorodne, korzystne cenowo zatowarowanie przetestuj nasz Sort!<\/p>\n","protected":false},"featured_media":5021,"comment_status":"closed","ping_status":"closed","template":"","meta":{"_acf_changed":false},"product_brand":[],"product_cat":[86,104,87,88,89,90,94,163,160],"product_tag":[153],"product_filter":[],"class_list":{"0":"post-5752","1":"product","2":"type-product","3":"status-publish","4":"has-post-thumbnail","6":"product_cat-1-szy-gatunek-de","7":"product_cat-cream-de","8":"product_cat-jesien-zima-de","9":"product_cat-odziez-damska-de","10":"product_cat-odziez-meska-de","11":"product_cat-odziez-uzywana-de","12":"product_cat-odziez-z-niemiec-de","13":"product_cat-promocje-de","14":"product_cat-sort-de","15":"product_tag-odziez-uzywana-de","17":"first","18":"instock","19":"sale","20":"taxable","21":"shipping-taxable","22":"purchasable","23":"product-type-simple"},"acf":[],"yoast_head":"<!-- This site is optimized with the Yoast SEO plugin v27.4 - https:\/\/yoast.com\/product\/yoast-seo-wordpress\/ -->\n<title>Sort - 25kg - Ecotex<\/title>\n<meta name=\"robots\" content=\"noindex, follow, max-snippet:-1, max-image-preview:large, max-video-preview:-1\" \/>\n<meta property=\"og:locale\" content=\"de_DE\" \/>\n<meta property=\"og:type\" content=\"article\" \/>\n<meta property=\"og:title\" content=\"Sort - 25kg - Ecotex\" \/>\n<meta property=\"og:description\" content=\"atrakcyjny r\u00f3\u017cnorodny asortyment dla biznesu second hand  w pakiecie znajduje si\u0119 odzie\u017c damska, m\u0119ska i dla nastolatk\u00f3w  zestaw wyselekcjonowany ze zbi\u00f3rek przeprowadzonych na terenie EU  odzie\u017c w 1 gatunku + gatunku cream, w pakiecie nie znajdziesz rzeczy zniszczonych nie nadaj\u0105cych si\u0119 do dalszego noszenia  Je\u015bli interesuj\u0119 Ci\u0119 r\u00f3\u017cnorodne, korzystne cenowo zatowarowanie przetestuj nasz Sort!\" \/>\n<meta property=\"og:url\" content=\"https:\/\/eco.likenessweb.pl\/de\/product\/eu-sort-jesien-zima-damska-meska-nastolatek-pakiet-25kg\/\" \/>\n<meta property=\"og:site_name\" content=\"Ecotex\" \/>\n<meta property=\"article:modified_time\" content=\"2026-01-08T06:32:57+00:00\" \/>\n<meta property=\"og:image\" content=\"https:\/\/eco.likenessweb.pl\/wp-content\/uploads\/2024\/06\/WhatsApp-Image-2024-06-19-at-13.06.24.jpeg\" \/>\n\t<meta property=\"og:image:width\" content=\"1600\" \/>\n\t<meta property=\"og:image:height\" content=\"1600\" \/>\n\t<meta property=\"og:image:type\" content=\"image\/jpeg\" \/>\n<meta name=\"twitter:card\" content=\"summary_large_image\" \/>\n<meta name=\"twitter:label1\" content=\"Est. reading time\" \/>\n\t<meta name=\"twitter:data1\" content=\"2 minutes\" \/>\n<script type=\"application\/ld+json\" class=\"yoast-schema-graph\">{\"@context\":\"https:\\\/\\\/schema.org\",\"@graph\":[{\"@type\":\"WebPage\",\"@id\":\"https:\\\/\\\/eco.likenessweb.pl\\\/de\\\/product\\\/eu-sort-jesien-zima-damska-meska-nastolatek-pakiet-25kg\\\/\",\"url\":\"https:\\\/\\\/eco.likenessweb.pl\\\/de\\\/product\\\/eu-sort-jesien-zima-damska-meska-nastolatek-pakiet-25kg\\\/\",\"name\":\"Sort - 25kg - Ecotex\",\"isPartOf\":{\"@id\":\"https:\\\/\\\/eco.likenessweb.pl\\\/#website\"},\"primaryImageOfPage\":{\"@id\":\"https:\\\/\\\/eco.likenessweb.pl\\\/de\\\/product\\\/eu-sort-jesien-zima-damska-meska-nastolatek-pakiet-25kg\\\/#primaryimage\"},\"image\":{\"@id\":\"https:\\\/\\\/eco.likenessweb.pl\\\/de\\\/product\\\/eu-sort-jesien-zima-damska-meska-nastolatek-pakiet-25kg\\\/#primaryimage\"},\"thumbnailUrl\":\"https:\\\/\\\/eco.likenessweb.pl\\\/wp-content\\\/uploads\\\/2024\\\/06\\\/WhatsApp-Image-2024-06-19-at-13.06.24.jpeg\",\"datePublished\":\"2024-06-19T17:34:47+00:00\",\"dateModified\":\"2026-01-08T06:32:57+00:00\",\"breadcrumb\":{\"@id\":\"https:\\\/\\\/eco.likenessweb.pl\\\/de\\\/product\\\/eu-sort-jesien-zima-damska-meska-nastolatek-pakiet-25kg\\\/#breadcrumb\"},\"inLanguage\":\"de-DE\",\"potentialAction\":[{\"@type\":\"ReadAction\",\"target\":[\"https:\\\/\\\/eco.likenessweb.pl\\\/de\\\/product\\\/eu-sort-jesien-zima-damska-meska-nastolatek-pakiet-25kg\\\/\"]}]},{\"@type\":\"ImageObject\",\"inLanguage\":\"de-DE\",\"@id\":\"https:\\\/\\\/eco.likenessweb.pl\\\/de\\\/product\\\/eu-sort-jesien-zima-damska-meska-nastolatek-pakiet-25kg\\\/#primaryimage\",\"url\":\"https:\\\/\\\/eco.likenessweb.pl\\\/wp-content\\\/uploads\\\/2024\\\/06\\\/WhatsApp-Image-2024-06-19-at-13.06.24.jpeg\",\"contentUrl\":\"https:\\\/\\\/eco.likenessweb.pl\\\/wp-content\\\/uploads\\\/2024\\\/06\\\/WhatsApp-Image-2024-06-19-at-13.06.24.jpeg\",\"width\":1600,\"height\":1600},{\"@type\":\"BreadcrumbList\",\"@id\":\"https:\\\/\\\/eco.likenessweb.pl\\\/de\\\/product\\\/eu-sort-jesien-zima-damska-meska-nastolatek-pakiet-25kg\\\/#breadcrumb\",\"itemListElement\":[{\"@type\":\"ListItem\",\"position\":1,\"name\":\"Strona g\u0142\u00f3wna\",\"item\":\"https:\\\/\\\/eco.likenessweb.pl\\\/\"},{\"@type\":\"ListItem\",\"position\":2,\"name\":\"Produkty\",\"item\":\"https:\\\/\\\/eco.likenessweb.pl\\\/shop\\\/\"},{\"@type\":\"ListItem\",\"position\":3,\"name\":\"Sort &#8211; 25kg\"}]},{\"@type\":\"WebSite\",\"@id\":\"https:\\\/\\\/eco.likenessweb.pl\\\/#website\",\"url\":\"https:\\\/\\\/eco.likenessweb.pl\\\/\",\"name\":\"Ecotex\",\"description\":\"\",\"publisher\":{\"@id\":\"https:\\\/\\\/eco.likenessweb.pl\\\/#organization\"},\"potentialAction\":[{\"@type\":\"SearchAction\",\"target\":{\"@type\":\"EntryPoint\",\"urlTemplate\":\"https:\\\/\\\/eco.likenessweb.pl\\\/?s={search_term_string}\"},\"query-input\":{\"@type\":\"PropertyValueSpecification\",\"valueRequired\":true,\"valueName\":\"search_term_string\"}}],\"inLanguage\":\"de-DE\"},{\"@type\":\"Organization\",\"@id\":\"https:\\\/\\\/eco.likenessweb.pl\\\/#organization\",\"name\":\"Ecotex\",\"url\":\"https:\\\/\\\/eco.likenessweb.pl\\\/\",\"logo\":{\"@type\":\"ImageObject\",\"inLanguage\":\"de-DE\",\"@id\":\"https:\\\/\\\/eco.likenessweb.pl\\\/#\\\/schema\\\/logo\\\/image\\\/\",\"url\":\"https:\\\/\\\/eco.likenessweb.pl\\\/wp-content\\\/uploads\\\/2022\\\/10\\\/Ecotex_Group_logo-1.svg\",\"contentUrl\":\"https:\\\/\\\/eco.likenessweb.pl\\\/wp-content\\\/uploads\\\/2022\\\/10\\\/Ecotex_Group_logo-1.svg\",\"width\":187,\"height\":29,\"caption\":\"Ecotex\"},\"image\":{\"@id\":\"https:\\\/\\\/eco.likenessweb.pl\\\/#\\\/schema\\\/logo\\\/image\\\/\"}}]}<\/script>\n<!-- \/ Yoast SEO plugin. -->","yoast_head_json":{"title":"Sort - 25kg - Ecotex","robots":{"index":"noindex","follow":"follow","max-snippet":"max-snippet:-1","max-image-preview":"max-image-preview:large","max-video-preview":"max-video-preview:-1"},"og_locale":"de_DE","og_type":"article","og_title":"Sort - 25kg - Ecotex","og_description":"atrakcyjny r\u00f3\u017cnorodny asortyment dla biznesu second hand  w pakiecie znajduje si\u0119 odzie\u017c damska, m\u0119ska i dla nastolatk\u00f3w  zestaw wyselekcjonowany ze zbi\u00f3rek przeprowadzonych na terenie EU  odzie\u017c w 1 gatunku + gatunku cream, w pakiecie nie znajdziesz rzeczy zniszczonych nie nadaj\u0105cych si\u0119 do dalszego noszenia  Je\u015bli interesuj\u0119 Ci\u0119 r\u00f3\u017cnorodne, korzystne cenowo zatowarowanie przetestuj nasz Sort!","og_url":"https:\/\/eco.likenessweb.pl\/de\/product\/eu-sort-jesien-zima-damska-meska-nastolatek-pakiet-25kg\/","og_site_name":"Ecotex","article_modified_time":"2026-01-08T06:32:57+00:00","og_image":[{"width":1600,"height":1600,"url":"https:\/\/eco.likenessweb.pl\/wp-content\/uploads\/2024\/06\/WhatsApp-Image-2024-06-19-at-13.06.24.jpeg","type":"image\/jpeg"}],"twitter_card":"summary_large_image","twitter_misc":{"Est. reading time":"2 minutes"},"schema":{"@context":"https:\/\/schema.org","@graph":[{"@type":"WebPage","@id":"https:\/\/eco.likenessweb.pl\/de\/product\/eu-sort-jesien-zima-damska-meska-nastolatek-pakiet-25kg\/","url":"https:\/\/eco.likenessweb.pl\/de\/product\/eu-sort-jesien-zima-damska-meska-nastolatek-pakiet-25kg\/","name":"Sort - 25kg - Ecotex","isPartOf":{"@id":"https:\/\/eco.likenessweb.pl\/#website"},"primaryImageOfPage":{"@id":"https:\/\/eco.likenessweb.pl\/de\/product\/eu-sort-jesien-zima-damska-meska-nastolatek-pakiet-25kg\/#primaryimage"},"image":{"@id":"https:\/\/eco.likenessweb.pl\/de\/product\/eu-sort-jesien-zima-damska-meska-nastolatek-pakiet-25kg\/#primaryimage"},"thumbnailUrl":"https:\/\/eco.likenessweb.pl\/wp-content\/uploads\/2024\/06\/WhatsApp-Image-2024-06-19-at-13.06.24.jpeg","datePublished":"2024-06-19T17:34:47+00:00","dateModified":"2026-01-08T06:32:57+00:00","breadcrumb":{"@id":"https:\/\/eco.likenessweb.pl\/de\/product\/eu-sort-jesien-zima-damska-meska-nastolatek-pakiet-25kg\/#breadcrumb"},"inLanguage":"de-DE","potentialAction":[{"@type":"ReadAction","target":["https:\/\/eco.likenessweb.pl\/de\/product\/eu-sort-jesien-zima-damska-meska-nastolatek-pakiet-25kg\/"]}]},{"@type":"ImageObject","inLanguage":"de-DE","@id":"https:\/\/eco.likenessweb.pl\/de\/product\/eu-sort-jesien-zima-damska-meska-nastolatek-pakiet-25kg\/#primaryimage","url":"https:\/\/eco.likenessweb.pl\/wp-content\/uploads\/2024\/06\/WhatsApp-Image-2024-06-19-at-13.06.24.jpeg","contentUrl":"https:\/\/eco.likenessweb.pl\/wp-content\/uploads\/2024\/06\/WhatsApp-Image-2024-06-19-at-13.06.24.jpeg","width":1600,"height":1600},{"@type":"BreadcrumbList","@id":"https:\/\/eco.likenessweb.pl\/de\/product\/eu-sort-jesien-zima-damska-meska-nastolatek-pakiet-25kg\/#breadcrumb","itemListElement":[{"@type":"ListItem","position":1,"name":"Strona g\u0142\u00f3wna","item":"https:\/\/eco.likenessweb.pl\/"},{"@type":"ListItem","position":2,"name":"Produkty","item":"https:\/\/eco.likenessweb.pl\/shop\/"},{"@type":"ListItem","position":3,"name":"Sort &#8211; 25kg"}]},{"@type":"WebSite","@id":"https:\/\/eco.likenessweb.pl\/#website","url":"https:\/\/eco.likenessweb.pl\/","name":"Ecotex","description":"","publisher":{"@id":"https:\/\/eco.likenessweb.pl\/#organization"},"potentialAction":[{"@type":"SearchAction","target":{"@type":"EntryPoint","urlTemplate":"https:\/\/eco.likenessweb.pl\/?s={search_term_string}"},"query-input":{"@type":"PropertyValueSpecification","valueRequired":true,"valueName":"search_term_string"}}],"inLanguage":"de-DE"},{"@type":"Organization","@id":"https:\/\/eco.likenessweb.pl\/#organization","name":"Ecotex","url":"https:\/\/eco.likenessweb.pl\/","logo":{"@type":"ImageObject","inLanguage":"de-DE","@id":"https:\/\/eco.likenessweb.pl\/#\/schema\/logo\/image\/","url":"https:\/\/eco.likenessweb.pl\/wp-content\/uploads\/2022\/10\/Ecotex_Group_logo-1.svg","contentUrl":"https:\/\/eco.likenessweb.pl\/wp-content\/uploads\/2022\/10\/Ecotex_Group_logo-1.svg","width":187,"height":29,"caption":"Ecotex"},"image":{"@id":"https:\/\/eco.likenessweb.pl\/#\/schema\/logo\/image\/"}}]}},"_links":{"self":[{"href":"https:\/\/eco.likenessweb.pl\/de\/wp-json\/wp\/v2\/product\/5752","targetHints":{"allow":["GET"]}}],"collection":[{"href":"https:\/\/eco.likenessweb.pl\/de\/wp-json\/wp\/v2\/product"}],"about":[{"href":"https:\/\/eco.likenessweb.pl\/de\/wp-json\/wp\/v2\/types\/product"}],"replies":[{"embeddable":true,"href":"https:\/\/eco.likenessweb.pl\/de\/wp-json\/wp\/v2\/comments?post=5752"}],"wp:featuredmedia":[{"embeddable":true,"href":"https:\/\/eco.likenessweb.pl\/de\/wp-json\/wp\/v2\/media\/5021"}],"wp:attachment":[{"href":"https:\/\/eco.likenessweb.pl\/de\/wp-json\/wp\/v2\/media?parent=5752"}],"wp:term":[{"taxonomy":"product_brand","embeddable":true,"href":"https:\/\/eco.likenessweb.pl\/de\/wp-json\/wp\/v2\/product_brand?post=5752"},{"taxonomy":"product_cat","embeddable":true,"href":"https:\/\/eco.likenessweb.pl\/de\/wp-json\/wp\/v2\/product_cat?post=5752"},{"taxonomy":"product_tag","embeddable":true,"href":"https:\/\/eco.likenessweb.pl\/de\/wp-json\/wp\/v2\/product_tag?post=5752"},{"taxonomy":"product_filter","embeddable":true,"href":"https:\/\/eco.likenessweb.pl\/de\/wp-json\/wp\/v2\/product_filter?post=5752"}],"curies":[{"name":"wp","href":"https:\/\/api.w.org\/{rel}","templated":true}]}}